{"id":234,"date":"2018-08-23T15:09:24","date_gmt":"2018-08-23T12:09:24","guid":{"rendered":"http:\/\/jhcfi.whpro5-hki1.hosting.fi\/foretagsutrymmen-i-kyrkslatt\/"},"modified":"2023-03-24T09:49:20","modified_gmt":"2023-03-24T07:49:20","slug":"foretagsutrymmen-i-kyrkslatt","status":"publish","type":"page","link":"http:\/\/jhc.fi\/sv\/foretagsutrymmen-i-kyrkslatt\/","title":{"rendered":"F\u00d6RETAGSUTRYMMEN I KYRKSL\u00c4TT"},"content":{"rendered":"<p><div class=\"fusion-bg-parallax\" data-bg-align=\"center top\" data-direction=\"down\" data-mute=\"false\" data-opacity=\"100\" data-velocity=\"-0.3\" data-mobile-enabled=\"false\" data-break_parents=\"0\" data-bg-image=\"http:\/\/jhc.fi\/wp-content\/uploads\/2018\/08\/6G2A6619_p.jpg\" data-bg-repeat=\"false\" ><\/div><div class=\"fusion-fullwidth fullwidth-box fusion-builder-row-1 has-pattern-background has-mask-background fusion-parallax-down nonhundred-percent-fullwidth non-hundred-percent-height-scrolling\" style=\"--awb-background-position:center top;--awb-border-radius-top-left:0px;--awb-border-radius-top-right:0px;--awb-border-radius-bottom-right:0px;--awb-border-radius-bottom-left:0px;--awb-margin-top:-80px;--awb-background-image:url(&quot;http:\/\/jhc.fi\/wp-content\/uploads\/2018\/08\/6G2A6619_p.jpg&quot;);--awb-background-size:cover;--awb-flex-wrap:wrap;\" ><div class=\"fusion-builder-row fusion-row\"><div class=\"fusion-layout-column fusion_builder_column fusion-builder-column-0 fusion_builder_column_1_1 1_1 fusion-one-full fusion-column-first fusion-column-last\" style=\"--awb-bg-size:cover;\"><div class=\"fusion-column-wrapper fusion-flex-column-wrapper-legacy\"><div class=\"fusion-sep-clear\"><\/div><div class=\"fusion-separator fusion-full-width-sep\" style=\"margin-left: auto;margin-right: auto;margin-top:130px;margin-bottom:150px;width:100%;\"><\/div><div class=\"fusion-sep-clear\"><\/div><div class=\"fusion-text fusion-text-1\"><h1 style=\"text-align: center;\"><span style=\"color: #ffffff;\">F\u00d6RETAGSUTRYMMEN I KYRKSL\u00c4TT<\/span><\/h1>\n<\/div><div class=\"fusion-sep-clear\"><\/div><div class=\"fusion-separator fusion-full-width-sep\" style=\"margin-left: auto;margin-right: auto;margin-top:50px;margin-bottom:20px;width:100%;\"><\/div><div class=\"fusion-sep-clear\"><\/div><div class=\"fusion-clearfix\"><\/div><\/div><\/div><\/div><\/div><div class=\"fusion-fullwidth fullwidth-box fusion-builder-row-2 nonhundred-percent-fullwidth non-hundred-percent-height-scrolling\" style=\"--awb-border-radius-top-left:0px;--awb-border-radius-top-right:0px;--awb-border-radius-bottom-right:0px;--awb-border-radius-bottom-left:0px;--awb-flex-wrap:wrap;\" ><div class=\"fusion-builder-row fusion-row\"><div class=\"fusion-layout-column fusion_builder_column fusion-builder-column-1 fusion_builder_column_1_1 1_1 fusion-one-full fusion-column-first fusion-column-last\" style=\"--awb-bg-size:cover;\"><div class=\"fusion-column-wrapper fusion-flex-column-wrapper-legacy\"><div class=\"fusion-sep-clear\"><\/div><div class=\"fusion-separator fusion-full-width-sep\" style=\"margin-left: auto;margin-right: auto;margin-top:50px;margin-bottom:50px;width:100%;\"><\/div><div class=\"fusion-sep-clear\"><\/div><div class=\"fusion-text fusion-text-2\"><h2 style=\"text-align: center;\">Flexibla och m\u00e5ngsidiga utrymmen f\u00f6r ditt f\u00f6retags behov<\/h2>\n<p style=\"text-align: center;\">JHC har i bruk \u00f6ver 10000 m2 kontors-, produktions och lagerutrymmen. Det finns utrymmen med olika standard och du kan \u00e4ven hyra en arbetsplats eller ett arbetsrum f\u00f6r en dag eller n\u00e5gra timmar.<\/p>\n<\/div><div class=\"fusion-sep-clear\"><\/div><div class=\"fusion-separator fusion-full-width-sep\" style=\"margin-left: auto;margin-right: auto;margin-top:30px;margin-bottom:50px;width:100%;\"><\/div><div class=\"fusion-sep-clear\"><\/div><div class=\"fusion-clearfix\"><\/div><\/div><\/div><\/div><\/div><div class=\"fusion-fullwidth fullwidth-box fusion-builder-row-3 hundred-percent-fullwidth non-hundred-percent-height-scrolling fusion-equal-height-columns\" style=\"--awb-border-radius-top-left:0px;--awb-border-radius-top-right:0px;--awb-border-radius-bottom-right:0px;--awb-border-radius-bottom-left:0px;--awb-padding-top:0px;--awb-padding-right:0px;--awb-padding-bottom:0px;--awb-padding-left:0px;--awb-background-color:#f4f4f4;--awb-flex-wrap:wrap;\" ><div class=\"fusion-builder-row fusion-row\"><div class=\"fusion-layout-column fusion_builder_column fusion-builder-column-2 fusion_builder_column_1_2 1_2 fusion-one-half fusion-column-first\" style=\"--awb-padding-right:3%;--awb-padding-left:20%;--awb-bg-size:cover;--awb-margin-bottom:0px;width:50%;width:calc(50% - ( ( 4% ) * 0.5 ) );margin-right: 4%;\"><div class=\"fusion-column-wrapper fusion-flex-column-wrapper-legacy\"><div class=\"fusion-sep-clear\"><\/div><div class=\"fusion-separator fusion-full-width-sep\" style=\"margin-left: auto;margin-right: auto;margin-top:50px;margin-bottom:50px;width:100%;\"><\/div><div class=\"fusion-sep-clear\"><\/div><div class=\"fusion-text fusion-text-3\"><h2>Flexibla och m\u00e5ngsidiga utrymmen f\u00f6r ditt f\u00f6retags behov<\/h2>\n<p>F\u00f6rutom landskapskontor har vi arbetsrum f\u00f6r 1-4 personer samt produktions- och lagerutrymmen.<\/p>\n<p>Utrymmena g\u00e5r att \u00e4ndra enligt dina behov. Du kan komma \u00f6verens om \u00e4ndringar d\u00e5 hyreskontraktet g\u00f6rs upp.<\/p>\n<p>F\u00f6rutom f\u00f6retagens egna utrymmen st\u00e5r de allm\u00e4nna utrymmena till f\u00f6rfogande. Ditt f\u00f6retag kan vi behov komma \u00f6verens om receptionstj\u00e4nster och d\u00e5 kan du ta emot \u00e4ven st\u00f6rre grupper i v\u00e5r ljusa och rymliga reception.<\/p>\n<p>JHC erbjuder \u00e4ven sju olika konferensutrymmen och parkeringsomr\u00e5de som ing\u00e5r i hyran.<\/p>\n<\/div><div class=\"fusion-sep-clear\"><\/div><div class=\"fusion-separator fusion-full-width-sep\" style=\"margin-left: auto;margin-right: auto;margin-top:50px;margin-bottom:50px;width:100%;\"><\/div><div class=\"fusion-sep-clear\"><\/div><div class=\"fusion-clearfix\"><\/div><\/div><\/div><div class=\"fusion-layout-column fusion_builder_column fusion-builder-column-3 fusion_builder_column_1_2 1_2 fusion-one-half fusion-column-last\" style=\"--awb-padding-right:-50px;--awb-bg-image:url(&#039;http:\/\/jhc.fi\/wp-content\/uploads\/2021\/03\/JHC_Jorvas.jpg&#039;);--awb-bg-position:center bottom;--awb-bg-size:cover;--awb-margin-bottom:0px;width:50%;width:calc(50% - ( ( 4% ) * 0.5 ) );\"><div class=\"fusion-column-wrapper fusion-column-has-shadow fusion-flex-column-wrapper-legacy fusion-empty-column-bg-image fusion-column-has-bg-image\" data-bg-url=\"http:\/\/jhc.fi\/wp-content\/uploads\/2021\/03\/JHC_Jorvas.jpg\"><img decoding=\"async\" class=\"fusion-empty-dims-img-placeholder fusion-no-large-visibility\" aria-label=\"JHC_Jorvas\" src=\"data:image\/svg+xml,%3Csvg%20xmlns%3D%27http%3A%2F%2Fwww.w3.org%2F2000%2Fsvg%27%20width%3D%271500%27%20height%3D%271715%27%20viewBox%3D%270%200%201500%201715%27%3E%3Crect%20width%3D%271500%27%20height%3D%271715%27%20fill-opacity%3D%220%22%2F%3E%3C%2Fsvg%3E\"><div class=\"fusion-clearfix\"><\/div><\/div><\/div><\/div><\/div><div class=\"fusion-fullwidth fullwidth-box fusion-builder-row-4 nonhundred-percent-fullwidth non-hundred-percent-height-scrolling\" style=\"--awb-border-radius-top-left:0px;--awb-border-radius-top-right:0px;--awb-border-radius-bottom-right:0px;--awb-border-radius-bottom-left:0px;--awb-flex-wrap:wrap;\" ><div class=\"fusion-builder-row fusion-row\"><div class=\"fusion-layout-column fusion_builder_column fusion-builder-column-4 fusion_builder_column_1_1 1_1 fusion-one-full fusion-column-first fusion-column-last\" style=\"--awb-bg-size:cover;\"><div class=\"fusion-column-wrapper fusion-flex-column-wrapper-legacy\"><div class=\"fusion-sep-clear\"><\/div><div class=\"fusion-separator fusion-full-width-sep\" style=\"margin-left: auto;margin-right: auto;margin-top:20px;margin-bottom:20px;width:100%;\"><\/div><div class=\"fusion-sep-clear\"><\/div><div class=\"fusion-clearfix\"><\/div><\/div><\/div><\/div><\/div><div class=\"fusion-fullwidth fullwidth-box fusion-builder-row-5 nonhundred-percent-fullwidth non-hundred-percent-height-scrolling\" style=\"--awb-border-radius-top-left:0px;--awb-border-radius-top-right:0px;--awb-border-radius-bottom-right:0px;--awb-border-radius-bottom-left:0px;--awb-flex-wrap:wrap;\" ><div class=\"fusion-builder-row fusion-row\"><div class=\"fusion-layout-column fusion_builder_column fusion-builder-column-5 fusion_builder_column_1_3 1_3 fusion-one-third fusion-column-first\" style=\"--awb-bg-size:cover;width:33.3333333333%;width:calc(33.3333333333% - ( ( 4% + 4% ) * 0.333333333333 ) );margin-right: 4%;\"><div class=\"fusion-column-wrapper fusion-flex-column-wrapper-legacy\"><div class=\"fusion-image-element in-legacy-container\" style=\"--awb-caption-title-font-family:var(--h2_typography-font-family);--awb-caption-title-font-weight:var(--h2_typography-font-weight);--awb-caption-title-font-style:var(--h2_typography-font-style);--awb-caption-title-size:var(--h2_typography-font-size);--awb-caption-title-transform:var(--h2_typography-text-transform);--awb-caption-title-line-height:var(--h2_typography-line-height);--awb-caption-title-letter-spacing:var(--h2_typography-letter-spacing);\"><span class=\" fusion-imageframe imageframe-none imageframe-1 hover-type-none\"><img decoding=\"async\" width=\"1497\" height=\"1497\" title=\"6G2A6671_p2 (1)\" src=\"http:\/\/jhcfi.whpro5-hki1.hosting.fi\/wp-content\/uploads\/2018\/08\/6G2A6671_p2-1.png\" alt class=\"img-responsive wp-image-120\" srcset=\"http:\/\/jhc.fi\/wp-content\/uploads\/2018\/08\/6G2A6671_p2-1-200x200.png 200w, http:\/\/jhc.fi\/wp-content\/uploads\/2018\/08\/6G2A6671_p2-1-400x400.png 400w, http:\/\/jhc.fi\/wp-content\/uploads\/2018\/08\/6G2A6671_p2-1-600x600.png 600w, http:\/\/jhc.fi\/wp-content\/uploads\/2018\/08\/6G2A6671_p2-1-800x800.png 800w, http:\/\/jhc.fi\/wp-content\/uploads\/2018\/08\/6G2A6671_p2-1-1200x1200.png 1200w, http:\/\/jhc.fi\/wp-content\/uploads\/2018\/08\/6G2A6671_p2-1.png 1497w\" sizes=\"(max-width: 800px) 100vw, 400px\" \/><\/span><\/div><div class=\"fusion-clearfix\"><\/div><\/div><\/div><div class=\"fusion-layout-column fusion_builder_column fusion-builder-column-6 fusion_builder_column_1_3 1_3 fusion-one-third\" style=\"--awb-bg-size:cover;width:33.3333333333%;width:calc(33.3333333333% - ( ( 4% + 4% ) * 0.333333333333 ) );margin-right: 4%;\"><div class=\"fusion-column-wrapper fusion-flex-column-wrapper-legacy\"><div class=\"fusion-image-element in-legacy-container\" style=\"--awb-caption-title-font-family:var(--h2_typography-font-family);--awb-caption-title-font-weight:var(--h2_typography-font-weight);--awb-caption-title-font-style:var(--h2_typography-font-style);--awb-caption-title-size:var(--h2_typography-font-size);--awb-caption-title-transform:var(--h2_typography-text-transform);--awb-caption-title-line-height:var(--h2_typography-line-height);--awb-caption-title-letter-spacing:var(--h2_typography-letter-spacing);\"><span class=\" fusion-imageframe imageframe-none imageframe-2 hover-type-none\"><img decoding=\"async\" width=\"1786\" height=\"1786\" title=\"hauveli (1)\" src=\"http:\/\/jhcfi.whpro5-hki1.hosting.fi\/wp-content\/uploads\/2018\/08\/hauveli-1.jpg\" alt class=\"img-responsive wp-image-117\" srcset=\"http:\/\/jhc.fi\/wp-content\/uploads\/2018\/08\/hauveli-1-200x200.jpg 200w, http:\/\/jhc.fi\/wp-content\/uploads\/2018\/08\/hauveli-1-400x400.jpg 400w, http:\/\/jhc.fi\/wp-content\/uploads\/2018\/08\/hauveli-1-600x600.jpg 600w, http:\/\/jhc.fi\/wp-content\/uploads\/2018\/08\/hauveli-1-800x800.jpg 800w, http:\/\/jhc.fi\/wp-content\/uploads\/2018\/08\/hauveli-1-1200x1200.jpg 1200w, http:\/\/jhc.fi\/wp-content\/uploads\/2018\/08\/hauveli-1.jpg 1786w\" sizes=\"(max-width: 800px) 100vw, 400px\" \/><\/span><\/div><div class=\"fusion-clearfix\"><\/div><\/div><\/div><div class=\"fusion-layout-column fusion_builder_column fusion-builder-column-7 fusion_builder_column_1_3 1_3 fusion-one-third fusion-column-last\" style=\"--awb-bg-size:cover;width:33.3333333333%;width:calc(33.3333333333% - ( ( 4% + 4% ) * 0.333333333333 ) );\"><div class=\"fusion-column-wrapper fusion-flex-column-wrapper-legacy\"><div class=\"fusion-sep-clear\"><\/div><div class=\"fusion-separator fusion-full-width-sep\" style=\"margin-left: auto;margin-right: auto;margin-top:20px;margin-bottom:20px;width:100%;\"><\/div><div class=\"fusion-sep-clear\"><\/div><div class=\"fusion-sep-clear\"><\/div><div class=\"fusion-separator fusion-full-width-sep\" style=\"margin-left: auto;margin-right: auto;margin-top:40px;margin-bottom:20px;width:100%;\"><\/div><div class=\"fusion-sep-clear\"><\/div><div class=\"fusion-text fusion-text-4\"><h3 style=\"text-align: center;\">Vi har \u00e4ven utrymmen d\u00e4r ditt s\u00e4llskapsdjur \u00e4r velkommet!<\/h3>\n<\/div><div class=\"fusion-clearfix\"><\/div><\/div><\/div><\/div><\/div><div class=\"fusion-fullwidth fullwidth-box fusion-builder-row-6 nonhundred-percent-fullwidth non-hundred-percent-height-scrolling\" style=\"--awb-border-radius-top-left:0px;--awb-border-radius-top-right:0px;--awb-border-radius-bottom-right:0px;--awb-border-radius-bottom-left:0px;--awb-flex-wrap:wrap;\" ><div class=\"fusion-builder-row fusion-row\"><div class=\"fusion-layout-column fusion_builder_column fusion-builder-column-8 fusion_builder_column_1_1 1_1 fusion-one-full fusion-column-first fusion-column-last\" style=\"--awb-bg-size:cover;\"><div class=\"fusion-column-wrapper fusion-flex-column-wrapper-legacy\"><div class=\"fusion-sep-clear\"><\/div><div class=\"fusion-separator fusion-full-width-sep\" style=\"margin-left: auto;margin-right: auto;margin-top:10px;margin-bottom:10px;width:100%;\"><\/div><div class=\"fusion-sep-clear\"><\/div><div class=\"fusion-clearfix\"><\/div><\/div><\/div><\/div><\/div><div class=\"fusion-fullwidth fullwidth-box fusion-builder-row-7 hundred-percent-fullwidth non-hundred-percent-height-scrolling fusion-equal-height-columns\" style=\"--awb-border-radius-top-left:0px;--awb-border-radius-top-right:0px;--awb-border-radius-bottom-right:0px;--awb-border-radius-bottom-left:0px;--awb-padding-top:0px;--awb-padding-right:0px;--awb-padding-bottom:0px;--awb-padding-left:0px;--awb-margin-bottom:-40px;--awb-background-color:#f4f4f4;--awb-flex-wrap:wrap;\" ><div class=\"fusion-builder-row fusion-row\"><div class=\"fusion-layout-column fusion_builder_column fusion-builder-column-9 fusion_builder_column_1_2 1_2 fusion-one-half fusion-column-first\" style=\"--awb-padding-right:-50px;--awb-bg-image:url(&#039;http:\/\/jhc.fi\/wp-content\/uploads\/2018\/08\/6G2A6656_p-1.jpg&#039;);--awb-bg-position:center center;--awb-bg-size:cover;--awb-margin-bottom:0px;width:50%;width:calc(50% - ( ( 4% ) * 0.5 ) );margin-right: 4%;\"><div class=\"fusion-column-wrapper fusion-column-has-shadow fusion-flex-column-wrapper-legacy fusion-empty-column-bg-image fusion-column-has-bg-image\" data-bg-url=\"http:\/\/jhc.fi\/wp-content\/uploads\/2018\/08\/6G2A6656_p-1.jpg\"><img decoding=\"async\" class=\"fusion-empty-dims-img-placeholder fusion-no-large-visibility\" aria-label=\"6G2A6656_p (1)\" src=\"data:image\/svg+xml,%3Csvg%20xmlns%3D%27http%3A%2F%2Fwww.w3.org%2F2000%2Fsvg%27%20width%3D%271968%27%20height%3D%271786%27%20viewBox%3D%270%200%201968%201786%27%3E%3Crect%20width%3D%271968%27%20height%3D%271786%27%20fill-opacity%3D%220%22%2F%3E%3C%2Fsvg%3E\"><div class=\"fusion-clearfix\"><\/div><\/div><\/div><div class=\"fusion-layout-column fusion_builder_column fusion-builder-column-10 fusion_builder_column_1_2 1_2 fusion-one-half fusion-column-last\" style=\"--awb-padding-left:30px;--awb-bg-size:cover;--awb-margin-bottom:0px;width:50%;width:calc(50% - ( ( 4% ) * 0.5 ) );\"><div class=\"fusion-column-wrapper fusion-flex-column-wrapper-legacy\"><div class=\"fusion-sep-clear\"><\/div><div class=\"fusion-separator fusion-full-width-sep\" style=\"margin-left: auto;margin-right: auto;margin-top:50px;margin-bottom:50px;width:100%;\"><\/div><div class=\"fusion-sep-clear\"><\/div><div class=\"fusion-text fusion-text-5\"><h3>Lediga utrymmen:<\/h3>\n<ul>\n<li>Kontorsutrymme 11,5 m2 (flera)<\/li>\n<li>Kontorsutrymme 17 m2 (3 st)<\/li>\n<li>Kontorsutrymme 735 m2 (1 st)<\/li>\n<li>Kontorsutrymme 900 m2 (2 st)<br \/>\nSt\u00f6rre utrymmen kan ocks\u00e5 delas upp i olika storlekar.<\/li>\n<\/ul>\n<h3>Bottenplan :<\/h3>\n<ul>\n<li><a href=\"\/wp-content\/uploads\/2018\/08\/jorvas1_floor0.pdf\" target=\"_blank\" rel=\"noopener\">Bottenv\u00e5ning (pdf)<\/a><\/li>\n<li><a href=\"\/wp-content\/uploads\/2018\/08\/jorvas1_floor1.pdf\" target=\"_blank\" rel=\"noopener\">1. v\u00e5ningen (pdf)<\/a><\/li>\n<li><a href=\"\/wp-content\/uploads\/2018\/08\/jorvas1_floor2.pdf\" target=\"_blank\" rel=\"noopener\">2. v\u00e5ningen (pdf)<\/a><\/li>\n<\/ul>\n<\/div><div class=\"fusion-sep-clear\"><\/div><div class=\"fusion-separator fusion-full-width-sep\" style=\"margin-left: auto;margin-right: auto;margin-top:10px;margin-bottom:10px;width:100%;\"><\/div><div class=\"fusion-sep-clear\"><\/div><div class=\"fusion-button-wrapper\"><a class=\"fusion-button button-flat fusion-button-default-size button-default fusion-button-default button-1 fusion-button-default-span fusion-button-default-type\" target=\"_self\" href=\"http:\/\/jhc.fi\/sv\/boka-utrymme\/\"><span class=\"fusion-button-text awb-button__text awb-button__text--default\">BOKA UTRYMME<\/span><\/a><\/div><div class=\"fusion-sep-clear\"><\/div><div class=\"fusion-separator fusion-full-width-sep\" style=\"margin-left: auto;margin-right: auto;margin-top:50px;margin-bottom:50px;width:100%;\"><\/div><div class=\"fusion-sep-clear\"><\/div><div class=\"fusion-clearfix\"><\/div><\/div><\/div><\/div><\/div><\/p>\n","protected":false},"excerpt":{"rendered":"","protected":false},"author":1,"featured_media":0,"parent":0,"menu_order":0,"comment_status":"closed","ping_status":"closed","template":"100-width.php","meta":{"footnotes":""},"class_list":["post-234","page","type-page","status-publish","hentry"],"_links":{"self":[{"href":"http:\/\/jhc.fi\/sv\/wp-json\/wp\/v2\/pages\/234","targetHints":{"allow":["GET"]}}],"collection":[{"href":"http:\/\/jhc.fi\/sv\/wp-json\/wp\/v2\/pages"}],"about":[{"href":"http:\/\/jhc.fi\/sv\/wp-json\/wp\/v2\/types\/page"}],"author":[{"embeddable":true,"href":"http:\/\/jhc.fi\/sv\/wp-json\/wp\/v2\/users\/1"}],"replies":[{"embeddable":true,"href":"http:\/\/jhc.fi\/sv\/wp-json\/wp\/v2\/comments?post=234"}],"version-history":[{"count":9,"href":"http:\/\/jhc.fi\/sv\/wp-json\/wp\/v2\/pages\/234\/revisions"}],"predecessor-version":[{"id":524,"href":"http:\/\/jhc.fi\/sv\/wp-json\/wp\/v2\/pages\/234\/revisions\/524"}],"wp:attachment":[{"href":"http:\/\/jhc.fi\/sv\/wp-json\/wp\/v2\/media?parent=234"}],"curies":[{"name":"wp","href":"https:\/\/api.w.org\/{rel}","templated":true}]}}